{"id":135,"date":"2018-03-23T13:36:40","date_gmt":"2018-03-23T16:36:40","guid":{"rendered":"http:\/\/viacaofortaleza.com.br\/?page_id=135"},"modified":"2018-08-31T10:52:42","modified_gmt":"2018-08-31T13:52:42","slug":"galeria","status":"publish","type":"page","link":"http:\/\/viacaofortaleza.com.br\/index.php\/galeria\/","title":{"rendered":"Galeria"},"content":{"rendered":"\n<div data-elementor-type=\"wp-page\" data-elementor-id=\"135\" class=\"elementor elementor-135 elementor-bc-flex-widget\">\n<div class=\"elementor-inner\">\n<div class=\"elementor-section-wrap\">\n<section class=\"elementor-section elementor-top-section elementor-element elementor-element-34fca00 elementor-section-full_width elementor-section-height-default elementor-section-height-default\" data-id=\"34fca00\" data-element_type=\"section\">\n<div class=\"elementor-container elementor-column-gap-default\">\n<div class=\"elementor-row\">\n<div class=\"elementor-column elementor-col-100 elementor-top-column elementor-element elementor-element-e5a1df7\" data-id=\"e5a1df7\" data-element_type=\"column\">\n<div class=\"elementor-column-wrap elementor-element-populated\">\n<div class=\"elementor-widget-wrap\">\n<div class=\"elementor-element elementor-element-aca66ab elementor-widget elementor-widget-heading\" data-id=\"aca66ab\" data-element_type=\"widget\" data-widget_type=\"heading.default\">\n<div class=\"elementor-widget-container\">\n<h2 class=\"elementor-heading-title elementor-size-xl\">GALERIA<\/h2>\n<\/p><\/div>\n<\/p><\/div>\n<div class=\"elementor-element elementor-element-99ae046 elementor-widget elementor-widget-text-editor\" data-id=\"99ae046\" data-element_type=\"widget\" data-widget_type=\"text-editor.default\">\n<div class=\"elementor-widget-container\">\n<div class=\"elementor-text-editor elementor-clearfix\">\n<p>Encontre aqui as fotos de nossa empresa e nossas principais a\u00e7\u00f5es!<\/p>\n<\/p><\/div>\n<\/p><\/div>\n<\/p><\/div>\n<\/p><\/div>\n<\/p><\/div>\n<\/p><\/div>\n<\/p><\/div>\n<\/p><\/div>\n<\/section>\n<section class=\"elementor-section elementor-top-section elementor-element elementor-element-ed9031c elementor-section-boxed elementor-section-height-default elementor-section-height-default\" data-id=\"ed9031c\" data-element_type=\"section\">\n<div class=\"elementor-container elementor-column-gap-default\">\n<div class=\"elementor-row\">\n<div class=\"elementor-column elementor-col-100 elementor-top-column elementor-element elementor-element-46abe55e\" data-id=\"46abe55e\" data-element_type=\"column\" data-settings=\"{&quot;background_background&quot;:&quot;classic&quot;}\">\n<div class=\"elementor-column-wrap elementor-element-populated\">\n<div class=\"elementor-widget-wrap\">\n<section class=\"elementor-section elementor-inner-section elementor-element elementor-element-1cb58da3 elementor-section-height-min-height elementor-section-boxed elementor-section-height-default\" data-id=\"1cb58da3\" data-element_type=\"section\">\n<div class=\"elementor-container elementor-column-gap-narrow\">\n<div class=\"elementor-row\">\n<div class=\"elementor-column elementor-col-33 elementor-inner-column elementor-element elementor-element-1a77641\" data-id=\"1a77641\" data-element_type=\"column\" data-settings=\"{&quot;background_background&quot;:&quot;classic&quot;}\">\n<div class=\"elementor-column-wrap elementor-element-populated\">\n<div class=\"elementor-background-overlay\"><\/div>\n<div class=\"elementor-widget-wrap\">\n<div class=\"elementor-element elementor-element-bf55f7a elementor-invisible elementor-widget elementor-widget-heading\" data-id=\"bf55f7a\" data-element_type=\"widget\" data-settings=\"{&quot;_animation&quot;:&quot;pulse&quot;}\" data-widget_type=\"heading.default\">\n<div class=\"elementor-widget-container\">\n<h4 class=\"elementor-heading-title elementor-size-small\"><a href=\"http:\/\/viacaofortaleza.com.br\/index.php\/albums\/a-viacao-fortaleza\/\">A Via\u00e7\u00e3o Fortaleza<\/a><\/h4>\n<\/p><\/div>\n<\/p><\/div>\n<\/p><\/div>\n<\/p><\/div>\n<\/p><\/div>\n<div class=\"elementor-column elementor-col-33 elementor-inner-column elementor-element elementor-element-20950201\" data-id=\"20950201\" data-element_type=\"column\" data-settings=\"{&quot;background_background&quot;:&quot;classic&quot;}\">\n<div class=\"elementor-column-wrap elementor-element-populated\">\n<div class=\"elementor-background-overlay\"><\/div>\n<div class=\"elementor-widget-wrap\">\n<div class=\"elementor-element elementor-element-306d8f5 elementor-invisible elementor-widget elementor-widget-heading\" data-id=\"306d8f5\" data-element_type=\"widget\" data-settings=\"{&quot;_animation&quot;:&quot;pulse&quot;}\" data-widget_type=\"heading.default\">\n<div class=\"elementor-widget-container\">\n<h3 class=\"elementor-heading-title elementor-size-large\"><a href=\"http:\/\/viacaofortaleza.com.br\/index.php\/albums\/nossos-onibus\/\">Nossos \u00d4nibus<\/a><\/h3>\n<\/p><\/div>\n<\/p><\/div>\n<\/p><\/div>\n<\/p><\/div>\n<\/p><\/div>\n<div class=\"elementor-column elementor-col-33 elementor-inner-column elementor-element elementor-element-63077b8b\" data-id=\"63077b8b\" data-element_type=\"column\" data-settings=\"{&quot;background_background&quot;:&quot;classic&quot;}\">\n<div class=\"elementor-column-wrap elementor-element-populated\">\n<div class=\"elementor-background-overlay\"><\/div>\n<div class=\"elementor-widget-wrap\">\n<div class=\"elementor-element elementor-element-1f1ba426 elementor-invisible elementor-widget elementor-widget-heading\" data-id=\"1f1ba426\" data-element_type=\"widget\" data-settings=\"{&quot;_animation&quot;:&quot;pulse&quot;}\" data-widget_type=\"heading.default\">\n<div class=\"elementor-widget-container\">\n<h3 class=\"elementor-heading-title elementor-size-large\"><a href=\"http:\/\/viacaofortaleza.com.br\/index.php\/albums\/colaboradores\/\">Nossos Colaboradores<\/a><\/h3>\n<\/p><\/div>\n<\/p><\/div>\n<\/p><\/div>\n<\/p><\/div>\n<\/p><\/div>\n<\/p><\/div>\n<\/p><\/div>\n<\/section>\n<section class=\"elementor-section elementor-inner-section elementor-element elementor-element-6a9e3a4 elementor-section-height-min-height elementor-section-boxed elementor-section-height-default\" data-id=\"6a9e3a4\" data-element_type=\"section\">\n<div class=\"elementor-container elementor-column-gap-narrow\">\n<div class=\"elementor-row\">\n<div class=\"elementor-column elementor-col-33 elementor-inner-column elementor-element elementor-element-884e945\" data-id=\"884e945\" data-element_type=\"column\" data-settings=\"{&quot;background_background&quot;:&quot;classic&quot;}\">\n<div class=\"elementor-column-wrap elementor-element-populated\">\n<div class=\"elementor-background-overlay\"><\/div>\n<div class=\"elementor-widget-wrap\">\n<div class=\"elementor-element elementor-element-26993c0 elementor-invisible elementor-widget elementor-widget-heading\" data-id=\"26993c0\" data-element_type=\"widget\" data-settings=\"{&quot;_animation&quot;:&quot;pulse&quot;}\" data-widget_type=\"heading.default\">\n<div class=\"elementor-widget-container\">\n<h4 class=\"elementor-heading-title elementor-size-small\"><a href=\"http:\/\/viacaofortaleza.com.br\/index.php\/albums\/acoes-socioambientais\/\">A\u00e7\u00f5es Sociambientais<\/a><\/h4>\n<\/p><\/div>\n<\/p><\/div>\n<\/p><\/div>\n<\/p><\/div>\n<\/p><\/div>\n<div class=\"elementor-column elementor-col-33 elementor-inner-column elementor-element elementor-element-903ddf5\" data-id=\"903ddf5\" data-element_type=\"column\" data-settings=\"{&quot;background_background&quot;:&quot;classic&quot;}\">\n<div class=\"elementor-column-wrap elementor-element-populated\">\n<div class=\"elementor-background-overlay\"><\/div>\n<div class=\"elementor-widget-wrap\">\n<div class=\"elementor-element elementor-element-595cc9e elementor-invisible elementor-widget elementor-widget-heading\" data-id=\"595cc9e\" data-element_type=\"widget\" data-settings=\"{&quot;_animation&quot;:&quot;pulse&quot;}\" data-widget_type=\"heading.default\">\n<div class=\"elementor-widget-container\">\n<h3 class=\"elementor-heading-title elementor-size-large\"><a href=\"http:\/\/viacaofortaleza.com.br\/index.php\/albums\/projeto-amigo-do-idoso\/\">Projeto Amigo do Idoso<\/a><\/h3>\n<\/p><\/div>\n<\/p><\/div>\n<\/p><\/div>\n<\/p><\/div>\n<\/p><\/div>\n<div class=\"elementor-column elementor-col-33 elementor-inner-column elementor-element elementor-element-4d5d9ef\" data-id=\"4d5d9ef\" data-element_type=\"column\" data-settings=\"{&quot;background_background&quot;:&quot;classic&quot;}\">\n<div class=\"elementor-column-wrap elementor-element-populated\">\n<div class=\"elementor-background-overlay\"><\/div>\n<div class=\"elementor-widget-wrap\">\n<div class=\"elementor-element elementor-element-653754c elementor-invisible elementor-widget elementor-widget-heading\" data-id=\"653754c\" data-element_type=\"widget\" data-settings=\"{&quot;_animation&quot;:&quot;pulse&quot;}\" data-widget_type=\"heading.default\">\n<div class=\"elementor-widget-container\">\n<h3 class=\"elementor-heading-title elementor-size-large\"><a href=\"http:\/\/viacaofortaleza.com.br\/index.php\/albums\/projeto-amigo-da-crianca\/\">Projeto Amigo da Crian\u00e7a<\/a><\/h3>\n<\/p><\/div>\n<\/p><\/div>\n<\/p><\/div>\n<\/p><\/div>\n<\/p><\/div>\n<\/p><\/div>\n<\/p><\/div>\n<\/section>\n<section class=\"elementor-section elementor-inner-section elementor-element elementor-element-2fba5c3 elementor-section-height-min-height elementor-section-boxed elementor-section-height-default\" data-id=\"2fba5c3\" data-element_type=\"section\">\n<div class=\"elementor-container elementor-column-gap-narrow\">\n<div class=\"elementor-row\">\n<div class=\"elementor-column elementor-col-100 elementor-inner-column elementor-element elementor-element-0091f8f\" data-id=\"0091f8f\" data-element_type=\"column\">\n<div class=\"elementor-column-wrap\">\n<div class=\"elementor-widget-wrap\">\n\t\t\t\t\t\t\t\t<\/div>\n<\/p><\/div>\n<\/p><\/div>\n<\/p><\/div>\n<\/p><\/div>\n<\/section><\/div>\n<\/p><\/div>\n<\/p><\/div>\n<\/p><\/div>\n<\/p><\/div>\n<\/section><\/div>\n<\/p><\/div>\n<\/p><\/div>\n","protected":false},"excerpt":{"rendered":"<p>GALERIA Encontre aqui as fotos de nossa empresa e nossas principais a\u00e7\u00f5es! A Via\u00e7\u00e3o Fortaleza Nossos \u00d4nibus Nossos Colaboradores A\u00e7\u00f5es Sociambientais Projeto Amigo do Idoso Projeto Amigo da Crian\u00e7a<\/p>\n","protected":false},"author":1,"featured_media":0,"parent":0,"menu_order":0,"comment_status":"closed","ping_status":"closed","template":"","meta":{"_mi_skip_tracking":false,"_monsterinsights_sitenote_active":false,"_monsterinsights_sitenote_note":"","_monsterinsights_sitenote_category":0,"ngg_post_thumbnail":0},"_links":{"self":[{"href":"http:\/\/viacaofortaleza.com.br\/index.php\/wp-json\/wp\/v2\/pages\/135"}],"collection":[{"href":"http:\/\/viacaofortaleza.com.br\/index.php\/wp-json\/wp\/v2\/pages"}],"about":[{"href":"http:\/\/viacaofortaleza.com.br\/index.php\/wp-json\/wp\/v2\/types\/page"}],"author":[{"embeddable":true,"href":"http:\/\/viacaofortaleza.com.br\/index.php\/wp-json\/wp\/v2\/users\/1"}],"replies":[{"embeddable":true,"href":"http:\/\/viacaofortaleza.com.br\/index.php\/wp-json\/wp\/v2\/comments?post=135"}],"version-history":[{"count":57,"href":"http:\/\/viacaofortaleza.com.br\/index.php\/wp-json\/wp\/v2\/pages\/135\/revisions"}],"predecessor-version":[{"id":1678,"href":"http:\/\/viacaofortaleza.com.br\/index.php\/wp-json\/wp\/v2\/pages\/135\/revisions\/1678"}],"wp:attachment":[{"href":"http:\/\/viacaofortaleza.com.br\/index.php\/wp-json\/wp\/v2\/media?parent=135"}],"curies":[{"name":"wp","href":"https:\/\/api.w.org\/{rel}","templated":true}]}}